{"id":392,"date":"2021-02-15T05:59:04","date_gmt":"2021-02-15T04:59:04","guid":{"rendered":"https:\/\/paolocasagrande.com\/politica-de-cookies\/"},"modified":"2022-10-06T13:42:50","modified_gmt":"2022-10-06T11:42:50","slug":"politica-sui-cookie","status":"publish","type":"page","link":"https:\/\/paolocasagrande.com\/it\/politica-sui-cookie\/","title":{"rendered":"Politica sui cookie"},"content":{"rendered":"\n<p>Las cookies son breves informaciones que se env\u00edan y almacenan en el disco duro del ordenador del usuario a trav\u00e9s de su navegador cuando \u00e9ste se conecta a una web. Las cookies se pueden utilizar para recabar y almacenar datos del usuario mientras est\u00e1 conectado para facilitarle los servicios solicitados y que no se suelen conservar (Cookies de sesi\u00f3n), o para conservar los datos del usuario para otro tipo de servicios futuros y que se pueden conservar por tiempo indefinido (Cookies persistentes). Las cookies pueden ser propias o de terceros.<\/p>\n\n\n\n<h3>Existen varios tipos de cookies:<\/h3>\n\n\n\n<ul><li><strong>Cookies t\u00e9cnicas<\/strong> que facilitan la navegaci\u00f3n del usuario y la utilizaci\u00f3n de las diferentes opciones o servicios que ofrece la web como identificar la sesi\u00f3n, permitir el acceso a determinadas \u00e1reas, facilitar pedidos, compras, cumplimentaci\u00f3n de formularios, inscripciones, seguridad, facilitar funcionalidades (videos, redes sociales\u2026).<\/li><li><strong>Cookies de personalizaci\u00f3n<\/strong> que permiten al usuario acceder a los servicios seg\u00fan sus preferencias (idioma, navegador, configuraci\u00f3n\u2026).<\/li><li><strong>Cookies de an\u00e1lisis<\/strong> que permiten el an\u00e1lisis an\u00f3nimo del comportamiento de los usuarios de la web y que permiten medir la actividad del usuario y elaborar perfiles de navegaci\u00f3n con el fin objetivo de mejorar los sitios web.<\/li><li><strong>Cookies publicitarias<\/strong> que permiten la gesti\u00f3n de los espacios publicitarios de la web.<\/li><li><strong>Cookies de publicidad personalizada<\/strong> que permiten la gesti\u00f3n de los espacios publicitarios de la web en base al comportamiento y h\u00e1bitos de navegaci\u00f3n de usuario, de donde se obtiene su perfil y permiten personalizar la publicidad que se muestra en el navegador del usuario.<\/li><\/ul>\n\n\n\n<p>CULINARY INTELLIGENCE, S.L. utiliza cookies t\u00e9cnicas, de personalizaci\u00f3n y de an\u00e1lisis, propias y de terceros, que en ning\u00fan caso tratan datos de car\u00e1cter personal, pero captan h\u00e1bitos de navegaci\u00f3n para fines estad\u00edsticos.<\/p>\n\n\n\n<p>Por ello, al acceder a nuestra web, en cumplimiento del art\u00edculo 22 de la Ley de Servicios de la Sociedad de la Informaci\u00f3n le hemos solicitado su consentimiento para su uso.<\/p>\n\n\n\n<p>De todas formas, le informamos que puede activar o desactivar y estas cookies siguiendo las instrucciones de su navegador de Internet:<\/p>\n\n\n\n<ul><li><strong>Chrome<\/strong>: Configuraci\u00f3n -&gt; Mostrar opciones avanzadas -&gt; Privacidad -&gt; Configuraci\u00f3n de contenido.<\/li><li><strong>Firefox<\/strong>: Herramientas -&gt; Opciones -&gt; Privacidad -&gt; Historial -&gt; Configuraci\u00f3n Personalizada.<\/li><li><strong>Internet Explorer<\/strong>: Herramientas -&gt; Opciones de Internet -&gt; Privacidad -&gt; Configuraci\u00f3n.<\/li><li><strong>Safari<\/strong>: Preferencias -&gt; Seguridad.<\/li><li><strong>Opera<\/strong>: Herramientas -&gt; Preferencias -&gt; Editar preferencias -&gt; Cookies<\/li><li><strong>Edge<\/strong>: Configuraci\u00f3n -&gt; Ver configuraci\u00f3n avanzada -&gt; Privacidad y servicios -&gt; Cookies<\/li><\/ul>\n\n\n\n<p>Para m\u00e1s informaci\u00f3n, puede consultar en la Ayuda de su navegador o en las p\u00e1ginas de soporte de los mismos:<\/p>\n\n\n\n<ul><li><strong>Chrome<\/strong>: support.google.com<\/li><li><strong>FireFox<\/strong>: support.mozilla.org<\/li><li><strong>Internet Explorer<\/strong>: windows.microsoft.com<\/li><li><strong>Safari<\/strong>: http:\/\/www.apple.com<\/li><li><strong>Opera<\/strong>: http:\/\/www.opera.com\/help\/tutorials\/security\/cookies\/<\/li><li><strong>Edge<\/strong>: https:\/\/privacy.microsoft.com\/es-es\/windows-10-microsoft-edge-and-privacy<\/li><\/ul>\n","protected":false},"excerpt":{"rendered":"<p>Las cookies son breves informaciones que se env\u00edan y almacenan en el disco duro del ordenador del usuario a trav\u00e9s de su navegador cuando \u00e9ste se conecta a una web. Las cookies se pueden utilizar para recabar y almacenar datos del usuario mientras est\u00e1 conectado para facilitarle los servicios solicitados y que no se suelen [&hellip;]<\/p>\n","protected":false},"author":2,"featured_media":0,"parent":0,"menu_order":12,"comment_status":"closed","ping_status":"closed","template":"","meta":[],"acf":[],"yoast_head":"<!-- This site is optimized with the Yoast SEO plugin v19.8 - https:\/\/yoast.com\/wordpress\/plugins\/seo\/ -->\n<title>Politica sui cookie - Paolo Casagrande<\/title>\n<meta name=\"robots\" content=\"index, follow, max-snippet:-1, max-image-preview:large, max-video-preview:-1\" \/>\n<link rel=\"canonical\" href=\"https:\/\/paolocasagrande.com\/it\/politica-sui-cookie\/\" \/>\n<meta property=\"og:locale\" content=\"it_IT\" \/>\n<meta property=\"og:type\" content=\"article\" \/>\n<meta property=\"og:title\" content=\"Politica sui cookie - Paolo Casagrande\" \/>\n<meta property=\"og:description\" content=\"Las cookies son breves informaciones que se env\u00edan y almacenan en el disco duro del ordenador del usuario a trav\u00e9s de su navegador cuando \u00e9ste se conecta a una web. Las cookies se pueden utilizar para recabar y almacenar datos del usuario mientras est\u00e1 conectado para facilitarle los servicios solicitados y que no se suelen [&hellip;]\" \/>\n<meta property=\"og:url\" content=\"https:\/\/paolocasagrande.com\/it\/politica-sui-cookie\/\" \/>\n<meta property=\"og:site_name\" content=\"Paolo Casagrande\" \/>\n<meta property=\"article:modified_time\" content=\"2022-10-06T11:42:50+00:00\" \/>\n<meta name=\"twitter:card\" content=\"summary_large_image\" \/>\n<meta name=\"twitter:label1\" content=\"Tempo di lettura stimato\" \/>\n\t<meta name=\"twitter:data1\" content=\"2 minuti\" \/>\n<script type=\"application\/ld+json\" class=\"yoast-schema-graph\">{\"@context\":\"https:\/\/schema.org\",\"@graph\":[{\"@type\":\"WebPage\",\"@id\":\"https:\/\/paolocasagrande.com\/it\/politica-sui-cookie\/\",\"url\":\"https:\/\/paolocasagrande.com\/it\/politica-sui-cookie\/\",\"name\":\"Politica sui cookie - Paolo Casagrande\",\"isPartOf\":{\"@id\":\"https:\/\/paolocasagrande.com\/it\/#website\"},\"datePublished\":\"2021-02-15T04:59:04+00:00\",\"dateModified\":\"2022-10-06T11:42:50+00:00\",\"breadcrumb\":{\"@id\":\"https:\/\/paolocasagrande.com\/it\/politica-sui-cookie\/#breadcrumb\"},\"inLanguage\":\"it-IT\",\"potentialAction\":[{\"@type\":\"ReadAction\",\"target\":[\"https:\/\/paolocasagrande.com\/it\/politica-sui-cookie\/\"]}]},{\"@type\":\"BreadcrumbList\",\"@id\":\"https:\/\/paolocasagrande.com\/it\/politica-sui-cookie\/#breadcrumb\",\"itemListElement\":[{\"@type\":\"ListItem\",\"position\":1,\"name\":\"Portada\",\"item\":\"https:\/\/paolocasagrande.com\/it\/\"},{\"@type\":\"ListItem\",\"position\":2,\"name\":\"Politica sui cookie\"}]},{\"@type\":\"WebSite\",\"@id\":\"https:\/\/paolocasagrande.com\/it\/#website\",\"url\":\"https:\/\/paolocasagrande.com\/it\/\",\"name\":\"Paolo Casagrande\",\"description\":\"El cocinero de las emociones\",\"potentialAction\":[{\"@type\":\"SearchAction\",\"target\":{\"@type\":\"EntryPoint\",\"urlTemplate\":\"https:\/\/paolocasagrande.com\/it\/?s={search_term_string}\"},\"query-input\":\"required name=search_term_string\"}],\"inLanguage\":\"it-IT\"}]}<\/script>\n<!-- \/ Yoast SEO plugin. -->","yoast_head_json":{"title":"Politica sui cookie - Paolo Casagrande","robots":{"index":"index","follow":"follow","max-snippet":"max-snippet:-1","max-image-preview":"max-image-preview:large","max-video-preview":"max-video-preview:-1"},"canonical":"https:\/\/paolocasagrande.com\/it\/politica-sui-cookie\/","og_locale":"it_IT","og_type":"article","og_title":"Politica sui cookie - Paolo Casagrande","og_description":"Las cookies son breves informaciones que se env\u00edan y almacenan en el disco duro del ordenador del usuario a trav\u00e9s de su navegador cuando \u00e9ste se conecta a una web. Las cookies se pueden utilizar para recabar y almacenar datos del usuario mientras est\u00e1 conectado para facilitarle los servicios solicitados y que no se suelen [&hellip;]","og_url":"https:\/\/paolocasagrande.com\/it\/politica-sui-cookie\/","og_site_name":"Paolo Casagrande","article_modified_time":"2022-10-06T11:42:50+00:00","twitter_card":"summary_large_image","twitter_misc":{"Tempo di lettura stimato":"2 minuti"},"schema":{"@context":"https:\/\/schema.org","@graph":[{"@type":"WebPage","@id":"https:\/\/paolocasagrande.com\/it\/politica-sui-cookie\/","url":"https:\/\/paolocasagrande.com\/it\/politica-sui-cookie\/","name":"Politica sui cookie - Paolo Casagrande","isPartOf":{"@id":"https:\/\/paolocasagrande.com\/it\/#website"},"datePublished":"2021-02-15T04:59:04+00:00","dateModified":"2022-10-06T11:42:50+00:00","breadcrumb":{"@id":"https:\/\/paolocasagrande.com\/it\/politica-sui-cookie\/#breadcrumb"},"inLanguage":"it-IT","potentialAction":[{"@type":"ReadAction","target":["https:\/\/paolocasagrande.com\/it\/politica-sui-cookie\/"]}]},{"@type":"BreadcrumbList","@id":"https:\/\/paolocasagrande.com\/it\/politica-sui-cookie\/#breadcrumb","itemListElement":[{"@type":"ListItem","position":1,"name":"Portada","item":"https:\/\/paolocasagrande.com\/it\/"},{"@type":"ListItem","position":2,"name":"Politica sui cookie"}]},{"@type":"WebSite","@id":"https:\/\/paolocasagrande.com\/it\/#website","url":"https:\/\/paolocasagrande.com\/it\/","name":"Paolo Casagrande","description":"El cocinero de las emociones","potentialAction":[{"@type":"SearchAction","target":{"@type":"EntryPoint","urlTemplate":"https:\/\/paolocasagrande.com\/it\/?s={search_term_string}"},"query-input":"required name=search_term_string"}],"inLanguage":"it-IT"}]}},"_links":{"self":[{"href":"https:\/\/paolocasagrande.com\/it\/wp-json\/wp\/v2\/pages\/392"}],"collection":[{"href":"https:\/\/paolocasagrande.com\/it\/wp-json\/wp\/v2\/pages"}],"about":[{"href":"https:\/\/paolocasagrande.com\/it\/wp-json\/wp\/v2\/types\/page"}],"author":[{"embeddable":true,"href":"https:\/\/paolocasagrande.com\/it\/wp-json\/wp\/v2\/users\/2"}],"replies":[{"embeddable":true,"href":"https:\/\/paolocasagrande.com\/it\/wp-json\/wp\/v2\/comments?post=392"}],"version-history":[{"count":4,"href":"https:\/\/paolocasagrande.com\/it\/wp-json\/wp\/v2\/pages\/392\/revisions"}],"predecessor-version":[{"id":760,"href":"https:\/\/paolocasagrande.com\/it\/wp-json\/wp\/v2\/pages\/392\/revisions\/760"}],"wp:attachment":[{"href":"https:\/\/paolocasagrande.com\/it\/wp-json\/wp\/v2\/media?parent=392"}],"curies":[{"name":"wp","href":"https:\/\/api.w.org\/{rel}","templated":true}]}}